{"id":1432,"date":"2026-03-07T19:12:14","date_gmt":"2026-03-07T19:12:14","guid":{"rendered":"https:\/\/www.lesventsfavorables.com\/?page_id=1432"},"modified":"2026-03-12T08:43:52","modified_gmt":"2026-03-12T08:43:52","slug":"memo-seance-de-yoga-lvf","status":"publish","type":"page","link":"https:\/\/www.lesventsfavorables.com\/index.php\/memo-seance-de-yoga-lvf\/","title":{"rendered":"M\u00e9mo s\u00e9ance de yoga LVF"},"content":{"rendered":"\t\t<div data-elementor-type=\"wp-page\" data-elementor-id=\"1432\" class=\"elementor elementor-1432\">\n\t\t\t\t<div class=\"elementor-element elementor-element-5cafac5 e-flex e-con-boxed e-con e-parent\" data-id=\"5cafac5\" data-element_type=\"container\" data-e-type=\"container\">\n\t\t\t\t\t<div class=\"e-con-inner\">\n\t\t\t\t<div class=\"elementor-element elementor-element-98d2a0b elementor-widget elementor-widget-spacer\" data-id=\"98d2a0b\" data-element_type=\"widget\" data-e-type=\"widget\" data-widget_type=\"spacer.default\">\n\t\t\t\t\t\t\t<div class=\"elementor-spacer\">\n\t\t\t<div class=\"elementor-spacer-inner\"><\/div>\n\t\t<\/div>\n\t\t\t\t\t\t<\/div>\n\t\t\t\t<div class=\"elementor-element elementor-element-4fe6f7d elementor-widget elementor-widget-heading\" data-id=\"4fe6f7d\" data-element_type=\"widget\" data-e-type=\"widget\" data-widget_type=\"heading.default\">\n\t\t\t\t\t<h2 class=\"elementor-heading-title elementor-size-default\">Bien se pr\u00e9parer avant sa s\u00e9ance<\/h2>\t\t\t\t<\/div>\n\t\t\t\t<div class=\"elementor-element elementor-element-1c49543 elementor-widget elementor-widget-heading\" data-id=\"1c49543\" data-element_type=\"widget\" data-e-type=\"widget\" data-widget_type=\"heading.default\">\n\t\t\t\t\t<h3 class=\"elementor-heading-title elementor-size-default\">Informations<\/h3>\t\t\t\t<\/div>\n\t\t\t\t<div class=\"elementor-element elementor-element-f01eaaa elementor-widget elementor-widget-text-editor\" data-id=\"f01eaaa\" data-element_type=\"widget\" data-e-type=\"widget\" data-widget_type=\"text-editor.default\">\n\t\t\t\t\t\t\t\t\t<p>Arriver quelques minutes avant l\u2019heure de d\u00e9marrage pour s\u2019installer sans pr\u00e9cipitation.<\/p>\t\t\t\t\t\t\t\t<\/div>\n\t\t\t\t\t<\/div>\n\t\t\t\t<\/div>\n\t\t<div class=\"elementor-element elementor-element-5e7a0c4 e-flex e-con-boxed e-con e-parent\" data-id=\"5e7a0c4\" data-element_type=\"container\" data-e-type=\"container\">\n\t\t\t\t\t<div class=\"e-con-inner\">\n\t\t\t\t<div class=\"elementor-element elementor-element-ac7fc75 elementor-widget elementor-widget-heading\" data-id=\"ac7fc75\" data-element_type=\"widget\" data-e-type=\"widget\" data-widget_type=\"heading.default\">\n\t\t\t\t\t<h1 class=\"elementor-heading-title elementor-size-default\">Boisson et repas<\/h1>\t\t\t\t<\/div>\n\t\t\t\t<div class=\"elementor-element elementor-element-006d80a elementor-widget elementor-widget-text-editor\" data-id=\"006d80a\" data-element_type=\"widget\" data-e-type=\"widget\" data-widget_type=\"text-editor.default\">\n\t\t\t\t\t\t\t\t\t<ul><li>Penser \u00e0 boire de l\u2019eau avant la s\u00e9ance.<\/li><li>\u00c9viter de boire pendant le cours, essayer d\u2019attendre la fin de la session pour s\u2019hydrater \u00e0 nouveau.<\/li><li>Id\u00e9alement, essayer d\u2019avoir mang\u00e9 au moins deux heures avant votre s\u00e9ance de mani\u00e8re \u00e0 \u00e9viter une g\u00eane parce qu\u2019on va respirer avec le ventre et \u00e7a peut \u00eatre inconfortable d\u2019avoir mang\u00e9 juste avant.<\/li><\/ul><p>\u00a0<\/p>\t\t\t\t\t\t\t\t<\/div>\n\t\t\t\t\t<\/div>\n\t\t\t\t<\/div>\n\t\t<div class=\"elementor-element elementor-element-ac10c9b e-flex e-con-boxed e-con e-parent\" data-id=\"ac10c9b\" data-element_type=\"container\" data-e-type=\"container\">\n\t\t\t\t\t<div class=\"e-con-inner\">\n\t\t\t\t<div class=\"elementor-element elementor-element-47f6d4b elementor-widget elementor-widget-heading\" data-id=\"47f6d4b\" data-element_type=\"widget\" data-e-type=\"widget\" data-widget_type=\"heading.default\">\n\t\t\t\t\t<h1 class=\"elementor-heading-title elementor-size-default\">Ajustements<\/h1>\t\t\t\t<\/div>\n\t\t\t\t<div class=\"elementor-element elementor-element-7d228bc elementor-widget elementor-widget-text-editor\" data-id=\"7d228bc\" data-element_type=\"widget\" data-e-type=\"widget\" data-widget_type=\"text-editor.default\">\n\t\t\t\t\t\t\t\t\t<ul><li>Les indications sont transmises par la d\u00e9monstration et la voix afin de guider la pratique.<\/li><li>Se placer \u00e0 l\u2019avant de la salle peut faciliter l\u2019\u00e9coute et le suivi des consignes si besoin.<\/li><li>Les ajustements propos\u00e9s restent des invitations et se r\u00e9alisent dans le respect des possibilit\u00e9s du moment. <strong>Tout est optionnel pendant la s\u00e9ance.<\/strong><\/li><li>Des ajustements par le toucher peuvent \u00eatre propos\u00e9s avec l\u2019accord pr\u00e9alable de la personne.<\/li><\/ul>\t\t\t\t\t\t\t\t<\/div>\n\t\t\t\t\t<\/div>\n\t\t\t\t<\/div>\n\t\t<div class=\"elementor-element elementor-element-dce8ca5 e-flex e-con-boxed e-con e-parent\" data-id=\"dce8ca5\" data-element_type=\"container\" data-e-type=\"container\">\n\t\t\t\t\t<div class=\"e-con-inner\">\n\t\t\t\t<div class=\"elementor-element elementor-element-4836cee elementor-widget elementor-widget-heading\" data-id=\"4836cee\" data-element_type=\"widget\" data-e-type=\"widget\" data-widget_type=\"heading.default\">\n\t\t\t\t\t<h1 class=\"elementor-heading-title elementor-size-default\">Mat\u00e9riels<\/h1>\t\t\t\t<\/div>\n\t\t\t\t<div class=\"elementor-element elementor-element-bb3833f elementor-widget elementor-widget-text-editor\" data-id=\"bb3833f\" data-element_type=\"widget\" data-e-type=\"widget\" data-widget_type=\"text-editor.default\">\n\t\t\t\t\t\t\t\t\t<ul><li>Pr\u00e9voir un tapis ou, \u00e0 d\u00e9faut, une grande serviette.<\/li><li>Une petite serviette peut \u00e9galement \u00eatre utile pour certaines personnes afin d\u2019\u00e9viter de glisser sur le tapis.<\/li><\/ul>\t\t\t\t\t\t\t\t<\/div>\n\t\t\t\t\t<\/div>\n\t\t\t\t<\/div>\n\t\t\t\t<\/div>\n\t\t","protected":false},"excerpt":{"rendered":"<p>Bien se pr\u00e9parer avant sa s\u00e9ance Informations Arriver quelques minutes avant l\u2019heure de d\u00e9marrage pour s\u2019installer sans pr\u00e9cipitation. Boisson et repas Penser \u00e0 boire de l\u2019eau avant la s\u00e9ance. \u00c9viter de boire pendant le cours, essayer d\u2019attendre la fin de la session pour s\u2019hydrater \u00e0 nouveau. Id\u00e9alement, essayer d\u2019avoir mang\u00e9 au moins deux heures avant [&hellip;]<\/p>\n","protected":false},"author":1,"featured_media":0,"parent":0,"menu_order":0,"comment_status":"closed","ping_status":"closed","template":"","meta":{"ocean_post_layout":"","ocean_both_sidebars_style":"","ocean_both_sidebars_content_width":0,"ocean_both_sidebars_sidebars_width":0,"ocean_sidebar":"","ocean_second_sidebar":"","ocean_disable_margins":"enable","ocean_add_body_class":"","ocean_shortcode_before_top_bar":"","ocean_shortcode_after_top_bar":"","ocean_shortcode_before_header":"","ocean_shortcode_after_header":"","ocean_has_shortcode":"","ocean_shortcode_after_title":"","ocean_shortcode_before_footer_widgets":"","ocean_shortcode_after_footer_widgets":"","ocean_shortcode_before_footer_bottom":"","ocean_shortcode_after_footer_bottom":"","ocean_display_top_bar":"default","ocean_display_header":"default","ocean_header_style":"","ocean_center_header_left_menu":"","ocean_custom_header_template":"","ocean_custom_logo":0,"ocean_custom_retina_logo":0,"ocean_custom_logo_max_width":0,"ocean_custom_logo_tablet_max_width":0,"ocean_custom_logo_mobile_max_width":0,"ocean_custom_logo_max_height":0,"ocean_custom_logo_tablet_max_height":0,"ocean_custom_logo_mobile_max_height":0,"ocean_header_custom_menu":"","ocean_menu_typo_font_family":"","ocean_menu_typo_font_subset":"","ocean_menu_typo_font_size":0,"ocean_menu_typo_font_size_tablet":0,"ocean_menu_typo_font_size_mobile":0,"ocean_menu_typo_font_size_unit":"px","ocean_menu_typo_font_weight":"","ocean_menu_typo_font_weight_tablet":"","ocean_menu_typo_font_weight_mobile":"","ocean_menu_typo_transform":"","ocean_menu_typo_transform_tablet":"","ocean_menu_typo_transform_mobile":"","ocean_menu_typo_line_height":0,"ocean_menu_typo_line_height_tablet":0,"ocean_menu_typo_line_height_mobile":0,"ocean_menu_typo_line_height_unit":"","ocean_menu_typo_spacing":0,"ocean_menu_typo_spacing_tablet":0,"ocean_menu_typo_spacing_mobile":0,"ocean_menu_typo_spacing_unit":"","ocean_menu_link_color":"","ocean_menu_link_color_hover":"","ocean_menu_link_color_active":"","ocean_menu_link_background":"","ocean_menu_link_hover_background":"","ocean_menu_link_active_background":"","ocean_menu_social_links_bg":"","ocean_menu_social_hover_links_bg":"","ocean_menu_social_links_color":"","ocean_menu_social_hover_links_color":"","ocean_disable_title":"default","ocean_disable_heading":"default","ocean_post_title":"","ocean_post_subheading":"","ocean_post_title_style":"","ocean_post_title_background_color":"","ocean_post_title_background":0,"ocean_post_title_bg_image_position":"","ocean_post_title_bg_image_attachment":"","ocean_post_title_bg_image_repeat":"","ocean_post_title_bg_image_size":"","ocean_post_title_height":0,"ocean_post_title_bg_overlay":0.5,"ocean_post_title_bg_overlay_color":"","ocean_disable_breadcrumbs":"default","ocean_breadcrumbs_color":"","ocean_breadcrumbs_separator_color":"","ocean_breadcrumbs_links_color":"","ocean_breadcrumbs_links_hover_color":"","ocean_display_footer_widgets":"default","ocean_display_footer_bottom":"default","ocean_custom_footer_template":"","footnotes":""},"class_list":["post-1432","page","type-page","status-publish","hentry","entry"],"yoast_head":"<!-- This site is optimized with the Yoast SEO plugin v27.3 - https:\/\/yoast.com\/product\/yoast-seo-wordpress\/ -->\n<title>M\u00e9mo s\u00e9ance de yoga LVF -<\/title>\n<meta name=\"robots\" content=\"index, follow, max-snippet:-1, max-image-preview:large, max-video-preview:-1\" \/>\n<link rel=\"canonical\" href=\"https:\/\/www.lesventsfavorables.com\/index.php\/memo-seance-de-yoga-lvf\/\" \/>\n<meta property=\"og:locale\" content=\"fr_FR\" \/>\n<meta property=\"og:type\" content=\"article\" \/>\n<meta property=\"og:title\" content=\"M\u00e9mo s\u00e9ance de yoga LVF -\" \/>\n<meta property=\"og:description\" content=\"Bien se pr\u00e9parer avant sa s\u00e9ance Informations Arriver quelques minutes avant l\u2019heure de d\u00e9marrage pour s\u2019installer sans pr\u00e9cipitation. Boisson et repas Penser \u00e0 boire de l\u2019eau avant la s\u00e9ance. \u00c9viter de boire pendant le cours, essayer d\u2019attendre la fin de la session pour s\u2019hydrater \u00e0 nouveau. Id\u00e9alement, essayer d\u2019avoir mang\u00e9 au moins deux heures avant [&hellip;]\" \/>\n<meta property=\"og:url\" content=\"https:\/\/www.lesventsfavorables.com\/index.php\/memo-seance-de-yoga-lvf\/\" \/>\n<meta property=\"article:modified_time\" content=\"2026-03-12T08:43:52+00:00\" \/>\n<meta name=\"twitter:card\" content=\"summary_large_image\" \/>\n<meta name=\"twitter:label1\" content=\"Dur\u00e9e de lecture estim\u00e9e\" \/>\n\t<meta name=\"twitter:data1\" content=\"1 minute\" \/>\n<script type=\"application\/ld+json\" class=\"yoast-schema-graph\">{\"@context\":\"https:\\\/\\\/schema.org\",\"@graph\":[{\"@type\":\"WebPage\",\"@id\":\"https:\\\/\\\/www.lesventsfavorables.com\\\/index.php\\\/memo-seance-de-yoga-lvf\\\/\",\"url\":\"https:\\\/\\\/www.lesventsfavorables.com\\\/index.php\\\/memo-seance-de-yoga-lvf\\\/\",\"name\":\"M\u00e9mo s\u00e9ance de yoga LVF -\",\"isPartOf\":{\"@id\":\"https:\\\/\\\/www.lesventsfavorables.com\\\/#website\"},\"datePublished\":\"2026-03-07T19:12:14+00:00\",\"dateModified\":\"2026-03-12T08:43:52+00:00\",\"breadcrumb\":{\"@id\":\"https:\\\/\\\/www.lesventsfavorables.com\\\/index.php\\\/memo-seance-de-yoga-lvf\\\/#breadcrumb\"},\"inLanguage\":\"fr-FR\",\"potentialAction\":[{\"@type\":\"ReadAction\",\"target\":[\"https:\\\/\\\/www.lesventsfavorables.com\\\/index.php\\\/memo-seance-de-yoga-lvf\\\/\"]}]},{\"@type\":\"BreadcrumbList\",\"@id\":\"https:\\\/\\\/www.lesventsfavorables.com\\\/index.php\\\/memo-seance-de-yoga-lvf\\\/#breadcrumb\",\"itemListElement\":[{\"@type\":\"ListItem\",\"position\":1,\"name\":\"Accueil\",\"item\":\"https:\\\/\\\/www.lesventsfavorables.com\\\/\"},{\"@type\":\"ListItem\",\"position\":2,\"name\":\"M\u00e9mo s\u00e9ance de yoga LVF\"}]},{\"@type\":\"WebSite\",\"@id\":\"https:\\\/\\\/www.lesventsfavorables.com\\\/#website\",\"url\":\"https:\\\/\\\/www.lesventsfavorables.com\\\/\",\"name\":\"\",\"description\":\"\",\"potentialAction\":[{\"@type\":\"SearchAction\",\"target\":{\"@type\":\"EntryPoint\",\"urlTemplate\":\"https:\\\/\\\/www.lesventsfavorables.com\\\/?s={search_term_string}\"},\"query-input\":{\"@type\":\"PropertyValueSpecification\",\"valueRequired\":true,\"valueName\":\"search_term_string\"}}],\"inLanguage\":\"fr-FR\"}]}<\/script>\n<!-- \/ Yoast SEO plugin. -->","yoast_head_json":{"title":"M\u00e9mo s\u00e9ance de yoga LVF -","robots":{"index":"index","follow":"follow","max-snippet":"max-snippet:-1","max-image-preview":"max-image-preview:large","max-video-preview":"max-video-preview:-1"},"canonical":"https:\/\/www.lesventsfavorables.com\/index.php\/memo-seance-de-yoga-lvf\/","og_locale":"fr_FR","og_type":"article","og_title":"M\u00e9mo s\u00e9ance de yoga LVF -","og_description":"Bien se pr\u00e9parer avant sa s\u00e9ance Informations Arriver quelques minutes avant l\u2019heure de d\u00e9marrage pour s\u2019installer sans pr\u00e9cipitation. Boisson et repas Penser \u00e0 boire de l\u2019eau avant la s\u00e9ance. \u00c9viter de boire pendant le cours, essayer d\u2019attendre la fin de la session pour s\u2019hydrater \u00e0 nouveau. Id\u00e9alement, essayer d\u2019avoir mang\u00e9 au moins deux heures avant [&hellip;]","og_url":"https:\/\/www.lesventsfavorables.com\/index.php\/memo-seance-de-yoga-lvf\/","article_modified_time":"2026-03-12T08:43:52+00:00","twitter_card":"summary_large_image","twitter_misc":{"Dur\u00e9e de lecture estim\u00e9e":"1 minute"},"schema":{"@context":"https:\/\/schema.org","@graph":[{"@type":"WebPage","@id":"https:\/\/www.lesventsfavorables.com\/index.php\/memo-seance-de-yoga-lvf\/","url":"https:\/\/www.lesventsfavorables.com\/index.php\/memo-seance-de-yoga-lvf\/","name":"M\u00e9mo s\u00e9ance de yoga LVF -","isPartOf":{"@id":"https:\/\/www.lesventsfavorables.com\/#website"},"datePublished":"2026-03-07T19:12:14+00:00","dateModified":"2026-03-12T08:43:52+00:00","breadcrumb":{"@id":"https:\/\/www.lesventsfavorables.com\/index.php\/memo-seance-de-yoga-lvf\/#breadcrumb"},"inLanguage":"fr-FR","potentialAction":[{"@type":"ReadAction","target":["https:\/\/www.lesventsfavorables.com\/index.php\/memo-seance-de-yoga-lvf\/"]}]},{"@type":"BreadcrumbList","@id":"https:\/\/www.lesventsfavorables.com\/index.php\/memo-seance-de-yoga-lvf\/#breadcrumb","itemListElement":[{"@type":"ListItem","position":1,"name":"Accueil","item":"https:\/\/www.lesventsfavorables.com\/"},{"@type":"ListItem","position":2,"name":"M\u00e9mo s\u00e9ance de yoga LVF"}]},{"@type":"WebSite","@id":"https:\/\/www.lesventsfavorables.com\/#website","url":"https:\/\/www.lesventsfavorables.com\/","name":"","description":"","potentialAction":[{"@type":"SearchAction","target":{"@type":"EntryPoint","urlTemplate":"https:\/\/www.lesventsfavorables.com\/?s={search_term_string}"},"query-input":{"@type":"PropertyValueSpecification","valueRequired":true,"valueName":"search_term_string"}}],"inLanguage":"fr-FR"}]}},"_links":{"self":[{"href":"https:\/\/www.lesventsfavorables.com\/index.php\/wp-json\/wp\/v2\/pages\/1432","targetHints":{"allow":["GET"]}}],"collection":[{"href":"https:\/\/www.lesventsfavorables.com\/index.php\/wp-json\/wp\/v2\/pages"}],"about":[{"href":"https:\/\/www.lesventsfavorables.com\/index.php\/wp-json\/wp\/v2\/types\/page"}],"author":[{"embeddable":true,"href":"https:\/\/www.lesventsfavorables.com\/index.php\/wp-json\/wp\/v2\/users\/1"}],"replies":[{"embeddable":true,"href":"https:\/\/www.lesventsfavorables.com\/index.php\/wp-json\/wp\/v2\/comments?post=1432"}],"version-history":[{"count":31,"href":"https:\/\/www.lesventsfavorables.com\/index.php\/wp-json\/wp\/v2\/pages\/1432\/revisions"}],"predecessor-version":[{"id":1917,"href":"https:\/\/www.lesventsfavorables.com\/index.php\/wp-json\/wp\/v2\/pages\/1432\/revisions\/1917"}],"wp:attachment":[{"href":"https:\/\/www.lesventsfavorables.com\/index.php\/wp-json\/wp\/v2\/media?parent=1432"}],"curies":[{"name":"wp","href":"https:\/\/api.w.org\/{rel}","templated":true}]}}