{"id":411,"date":"2026-02-27T17:34:31","date_gmt":"2026-02-27T17:34:31","guid":{"rendered":"https:\/\/www.lesventsfavorables.com\/?page_id=411"},"modified":"2026-03-12T16:43:58","modified_gmt":"2026-03-12T16:43:58","slug":"politique-de-confidentialite","status":"publish","type":"page","link":"https:\/\/www.lesventsfavorables.com\/index.php\/politique-de-confidentialite\/","title":{"rendered":"Politique de confidentialit\u00e9"},"content":{"rendered":"\t\t<div data-elementor-type=\"wp-page\" data-elementor-id=\"411\" class=\"elementor elementor-411\">\n\t\t\t\t<div class=\"elementor-element elementor-element-f6465f4 e-flex e-con-boxed e-con e-parent\" data-id=\"f6465f4\" data-element_type=\"container\" data-e-type=\"container\">\n\t\t\t\t\t<div class=\"e-con-inner\">\n\t\t\t\t<div class=\"elementor-element elementor-element-74c466a elementor-widget elementor-widget-spacer\" data-id=\"74c466a\" data-element_type=\"widget\" data-e-type=\"widget\" data-widget_type=\"spacer.default\">\n\t\t\t\t\t\t\t<div class=\"elementor-spacer\">\n\t\t\t<div class=\"elementor-spacer-inner\"><\/div>\n\t\t<\/div>\n\t\t\t\t\t\t<\/div>\n\t\t\t\t<div class=\"elementor-element elementor-element-a3becf6 elementor-widget elementor-widget-heading\" data-id=\"a3becf6\" data-element_type=\"widget\" data-e-type=\"widget\" data-widget_type=\"heading.default\">\n\t\t\t\t\t<h2 class=\"elementor-heading-title elementor-size-default\">Politique de confidentialit\u00e9 \n<\/h2>\t\t\t\t<\/div>\n\t\t\t\t\t<\/div>\n\t\t\t\t<\/div>\n\t\t<div class=\"elementor-element elementor-element-c6c286b e-flex e-con-boxed e-con e-parent\" data-id=\"c6c286b\" data-element_type=\"container\" data-e-type=\"container\">\n\t\t\t\t\t<div class=\"e-con-inner\">\n\t\t\t\t<div class=\"elementor-element elementor-element-32ad5d4 elementor-widget-divider--view-line elementor-widget elementor-widget-divider\" data-id=\"32ad5d4\" data-element_type=\"widget\" data-e-type=\"widget\" data-widget_type=\"divider.default\">\n\t\t\t\t\t\t\t<div class=\"elementor-divider\">\n\t\t\t<span class=\"elementor-divider-separator\">\n\t\t\t\t\t\t<\/span>\n\t\t<\/div>\n\t\t\t\t\t\t<\/div>\n\t\t\t\t\t<\/div>\n\t\t\t\t<\/div>\n\t\t<div class=\"elementor-element elementor-element-2e5987a e-flex e-con-boxed e-con e-parent\" data-id=\"2e5987a\" data-element_type=\"container\" data-e-type=\"container\">\n\t\t\t\t\t<div class=\"e-con-inner\">\n\t\t\t\t<div class=\"elementor-element elementor-element-ff24140 elementor-widget elementor-widget-spacer\" data-id=\"ff24140\" data-element_type=\"widget\" data-e-type=\"widget\" data-widget_type=\"spacer.default\">\n\t\t\t\t\t\t\t<div class=\"elementor-spacer\">\n\t\t\t<div class=\"elementor-spacer-inner\"><\/div>\n\t\t<\/div>\n\t\t\t\t\t\t<\/div>\n\t\t\t\t<div class=\"elementor-element elementor-element-004cda4 elementor-widget elementor-widget-heading\" data-id=\"004cda4\" data-element_type=\"widget\" data-e-type=\"widget\" data-widget_type=\"heading.default\">\n\t\t\t\t\t<h3 class=\"elementor-heading-title elementor-size-default\">1. Collecte des donn\u00e9es<\/h3>\t\t\t\t<\/div>\n\t\t\t\t<div class=\"elementor-element elementor-element-6cbb63b elementor-widget elementor-widget-text-editor\" data-id=\"6cbb63b\" data-element_type=\"widget\" data-e-type=\"widget\" data-widget_type=\"text-editor.default\">\n\t\t\t\t\t\t\t\t\t<p>Les informations collect\u00e9es via les formulaires (adresse e-mail, pr\u00e9nom, nom, num\u00e9ro de t\u00e9l\u00e9phone selon le formulaire) sont utilis\u00e9es uniquement pour :<br \/>\u2022 l\u2019envoi des billets du jeudi,<br \/>\u2022 l\u2019envoi des actualit\u00e9s et informations sur Les vents favorables,<br \/>\u2022 r\u00e9pondre aux messages envoy\u00e9s via le formulaire de contact.<\/p>\t\t\t\t\t\t\t\t<\/div>\n\t\t\t\t\t<\/div>\n\t\t\t\t<\/div>\n\t\t<div class=\"elementor-element elementor-element-7b3e0e0 e-flex e-con-boxed e-con e-parent\" data-id=\"7b3e0e0\" data-element_type=\"container\" data-e-type=\"container\">\n\t\t\t\t\t<div class=\"e-con-inner\">\n\t\t\t\t<div class=\"elementor-element elementor-element-a0b75be elementor-widget elementor-widget-spacer\" data-id=\"a0b75be\" data-element_type=\"widget\" data-e-type=\"widget\" data-widget_type=\"spacer.default\">\n\t\t\t\t\t\t\t<div class=\"elementor-spacer\">\n\t\t\t<div class=\"elementor-spacer-inner\"><\/div>\n\t\t<\/div>\n\t\t\t\t\t\t<\/div>\n\t\t\t\t<div class=\"elementor-element elementor-element-5f410a2 elementor-widget elementor-widget-heading\" data-id=\"5f410a2\" data-element_type=\"widget\" data-e-type=\"widget\" data-widget_type=\"heading.default\">\n\t\t\t\t\t<h3 class=\"elementor-heading-title elementor-size-default\">2. Base l\u00e9gale \/ RGPD<\/h3>\t\t\t\t<\/div>\n\t\t\t\t<div class=\"elementor-element elementor-element-ce3c4e5 elementor-widget elementor-widget-text-editor\" data-id=\"ce3c4e5\" data-element_type=\"widget\" data-e-type=\"widget\" data-widget_type=\"text-editor.default\">\n\t\t\t\t\t\t\t\t\t<p>Ces donn\u00e9es sont trait\u00e9es conform\u00e9ment au RGPD et \u00e0 la l\u00e9gislation en vigueur sur la protection des donn\u00e9es personnelles. La base l\u00e9gale est le consentement explicite de chaque personne lors de l\u2019inscription ou de l\u2019envoi d\u2019un message.<\/p>\t\t\t\t\t\t\t\t<\/div>\n\t\t\t\t\t<\/div>\n\t\t\t\t<\/div>\n\t\t<div class=\"elementor-element elementor-element-bb47e97 e-flex e-con-boxed e-con e-parent\" data-id=\"bb47e97\" data-element_type=\"container\" data-e-type=\"container\">\n\t\t\t\t\t<div class=\"e-con-inner\">\n\t\t\t\t<div class=\"elementor-element elementor-element-bdcffe3 elementor-widget elementor-widget-spacer\" data-id=\"bdcffe3\" data-element_type=\"widget\" data-e-type=\"widget\" data-widget_type=\"spacer.default\">\n\t\t\t\t\t\t\t<div class=\"elementor-spacer\">\n\t\t\t<div class=\"elementor-spacer-inner\"><\/div>\n\t\t<\/div>\n\t\t\t\t\t\t<\/div>\n\t\t\t\t<div class=\"elementor-element elementor-element-4577731 elementor-widget elementor-widget-heading\" data-id=\"4577731\" data-element_type=\"widget\" data-e-type=\"widget\" data-widget_type=\"heading.default\">\n\t\t\t\t\t<h3 class=\"elementor-heading-title elementor-size-default\">3. Partage, s\u00e9curit\u00e9 et conservation<\/h3>\t\t\t\t<\/div>\n\t\t\t\t<div class=\"elementor-element elementor-element-9d95bf0 elementor-widget elementor-widget-text-editor\" data-id=\"9d95bf0\" data-element_type=\"widget\" data-e-type=\"widget\" data-widget_type=\"text-editor.default\">\n\t\t\t\t\t\t\t\t\t<p>Les informations ne sont jamais vendues ni transmises \u00e0 des tiers. <br \/>Elles sont conserv\u00e9es de mani\u00e8re s\u00e9curis\u00e9e :<br \/>&#8211; L\u2019envoi des newsletters est r\u00e9alis\u00e9 via le service MailPoet, qui agit en tant que sous-traitant et traite certaines donn\u00e9es (adresse email, statistiques d\u2019ouverture) conform\u00e9ment \u00e0 la r\u00e9glementation en vigueur.<br \/>&#8211; Les donn\u00e9es collect\u00e9es via le formulaire de contact sont enregistr\u00e9es dans la base de donn\u00e9es h\u00e9berg\u00e9e chez OVH, situ\u00e9 dans l\u2019Union europ\u00e9enne.<br \/>Les donn\u00e9es sont conserv\u00e9es tant que vous restez abonn\u00e9.e aux billets du jeudi et\/ou aux actualit\u00e9s, ou jusqu\u2019\u00e0 ce que vous demandiez leur suppression. <br \/>Les donn\u00e9es relatives au formulaire de contact sont conserv\u00e9es pendant 3 mois uniquement pour le traitement des demandes, apr\u00e8s quoi elles sont supprim\u00e9es.<\/p>\t\t\t\t\t\t\t\t<\/div>\n\t\t\t\t\t<\/div>\n\t\t\t\t<\/div>\n\t\t<div class=\"elementor-element elementor-element-ad87235 e-flex e-con-boxed e-con e-parent\" data-id=\"ad87235\" data-element_type=\"container\" data-e-type=\"container\">\n\t\t\t\t\t<div class=\"e-con-inner\">\n\t\t\t\t<div class=\"elementor-element elementor-element-b7077b8 elementor-widget elementor-widget-spacer\" data-id=\"b7077b8\" data-element_type=\"widget\" data-e-type=\"widget\" data-widget_type=\"spacer.default\">\n\t\t\t\t\t\t\t<div class=\"elementor-spacer\">\n\t\t\t<div class=\"elementor-spacer-inner\"><\/div>\n\t\t<\/div>\n\t\t\t\t\t\t<\/div>\n\t\t\t\t<div class=\"elementor-element elementor-element-b3f7ae3 elementor-widget elementor-widget-heading\" data-id=\"b3f7ae3\" data-element_type=\"widget\" data-e-type=\"widget\" data-widget_type=\"heading.default\">\n\t\t\t\t\t<h3 class=\"elementor-heading-title elementor-size-default\">4. Droits des personnes<\/h3>\t\t\t\t<\/div>\n\t\t\t\t<div class=\"elementor-element elementor-element-447db0b elementor-widget elementor-widget-text-editor\" data-id=\"447db0b\" data-element_type=\"widget\" data-e-type=\"widget\" data-widget_type=\"text-editor.default\">\n\t\t\t\t\t\t\t\t\t<p>Chaque personne peut \u00e0 tout moment :<br \/>\u2022 acc\u00e9der \u00e0 ses donn\u00e9es,<br \/>\u2022 demander leur correction ou suppression,<br \/>\u2022 se d\u00e9sabonner des envois.<br \/>Un lien de d\u00e9sabonnement est int\u00e9gr\u00e9 \u00e0 tous les e-mails. Pour toute demande concernant les donn\u00e9es personnelles, il suffit d&rsquo;envoyer un message via le formulaire de contact.<\/p>\t\t\t\t\t\t\t\t<\/div>\n\t\t\t\t\t<\/div>\n\t\t\t\t<\/div>\n\t\t\t\t<\/div>\n\t\t","protected":false},"excerpt":{"rendered":"<p>Politique de confidentialit\u00e9 1. Collecte des donn\u00e9es Les informations collect\u00e9es via les formulaires (adresse e-mail, pr\u00e9nom, nom, num\u00e9ro de t\u00e9l\u00e9phone selon le formulaire) sont utilis\u00e9es uniquement pour :\u2022 l\u2019envoi des billets du jeudi,\u2022 l\u2019envoi des actualit\u00e9s et informations sur Les vents favorables,\u2022 r\u00e9pondre aux messages envoy\u00e9s via le formulaire de contact. 2. Base l\u00e9gale \/ [&hellip;]<\/p>\n","protected":false},"author":1,"featured_media":0,"parent":0,"menu_order":0,"comment_status":"closed","ping_status":"closed","template":"","meta":{"ocean_post_layout":"","ocean_both_sidebars_style":"","ocean_both_sidebars_content_width":0,"ocean_both_sidebars_sidebars_width":0,"ocean_sidebar":"","ocean_second_sidebar":"","ocean_disable_margins":"enable","ocean_add_body_class":"","ocean_shortcode_before_top_bar":"","ocean_shortcode_after_top_bar":"","ocean_shortcode_before_header":"","ocean_shortcode_after_header":"","ocean_has_shortcode":"","ocean_shortcode_after_title":"","ocean_shortcode_before_footer_widgets":"","ocean_shortcode_after_footer_widgets":"","ocean_shortcode_before_footer_bottom":"","ocean_shortcode_after_footer_bottom":"","ocean_display_top_bar":"default","ocean_display_header":"default","ocean_header_style":"","ocean_center_header_left_menu":"","ocean_custom_header_template":"","ocean_custom_logo":0,"ocean_custom_retina_logo":0,"ocean_custom_logo_max_width":0,"ocean_custom_logo_tablet_max_width":0,"ocean_custom_logo_mobile_max_width":0,"ocean_custom_logo_max_height":0,"ocean_custom_logo_tablet_max_height":0,"ocean_custom_logo_mobile_max_height":0,"ocean_header_custom_menu":"","ocean_menu_typo_font_family":"","ocean_menu_typo_font_subset":"","ocean_menu_typo_font_size":0,"ocean_menu_typo_font_size_tablet":0,"ocean_menu_typo_font_size_mobile":0,"ocean_menu_typo_font_size_unit":"px","ocean_menu_typo_font_weight":"","ocean_menu_typo_font_weight_tablet":"","ocean_menu_typo_font_weight_mobile":"","ocean_menu_typo_transform":"","ocean_menu_typo_transform_tablet":"","ocean_menu_typo_transform_mobile":"","ocean_menu_typo_line_height":0,"ocean_menu_typo_line_height_tablet":0,"ocean_menu_typo_line_height_mobile":0,"ocean_menu_typo_line_height_unit":"","ocean_menu_typo_spacing":0,"ocean_menu_typo_spacing_tablet":0,"ocean_menu_typo_spacing_mobile":0,"ocean_menu_typo_spacing_unit":"","ocean_menu_link_color":"","ocean_menu_link_color_hover":"","ocean_menu_link_color_active":"","ocean_menu_link_background":"","ocean_menu_link_hover_background":"","ocean_menu_link_active_background":"","ocean_menu_social_links_bg":"","ocean_menu_social_hover_links_bg":"","ocean_menu_social_links_color":"","ocean_menu_social_hover_links_color":"","ocean_disable_title":"default","ocean_disable_heading":"default","ocean_post_title":"","ocean_post_subheading":"","ocean_post_title_style":"","ocean_post_title_background_color":"","ocean_post_title_background":0,"ocean_post_title_bg_image_position":"","ocean_post_title_bg_image_attachment":"","ocean_post_title_bg_image_repeat":"","ocean_post_title_bg_image_size":"","ocean_post_title_height":0,"ocean_post_title_bg_overlay":0.5,"ocean_post_title_bg_overlay_color":"","ocean_disable_breadcrumbs":"default","ocean_breadcrumbs_color":"","ocean_breadcrumbs_separator_color":"","ocean_breadcrumbs_links_color":"","ocean_breadcrumbs_links_hover_color":"","ocean_display_footer_widgets":"default","ocean_display_footer_bottom":"default","ocean_custom_footer_template":"","footnotes":""},"class_list":["post-411","page","type-page","status-publish","hentry","entry"],"yoast_head":"<!-- This site is optimized with the Yoast SEO plugin v27.4 - https:\/\/yoast.com\/product\/yoast-seo-wordpress\/ -->\n<title>Politique de confidentialit\u00e9 -<\/title>\n<meta name=\"robots\" content=\"index, follow, max-snippet:-1, max-image-preview:large, max-video-preview:-1\" \/>\n<link rel=\"canonical\" href=\"https:\/\/www.lesventsfavorables.com\/index.php\/politique-de-confidentialite\/\" \/>\n<meta property=\"og:locale\" content=\"fr_FR\" \/>\n<meta property=\"og:type\" content=\"article\" \/>\n<meta property=\"og:title\" content=\"Politique de confidentialit\u00e9 -\" \/>\n<meta property=\"og:description\" content=\"Politique de confidentialit\u00e9 1. Collecte des donn\u00e9es Les informations collect\u00e9es via les formulaires (adresse e-mail, pr\u00e9nom, nom, num\u00e9ro de t\u00e9l\u00e9phone selon le formulaire) sont utilis\u00e9es uniquement pour :\u2022 l\u2019envoi des billets du jeudi,\u2022 l\u2019envoi des actualit\u00e9s et informations sur Les vents favorables,\u2022 r\u00e9pondre aux messages envoy\u00e9s via le formulaire de contact. 2. Base l\u00e9gale \/ [&hellip;]\" \/>\n<meta property=\"og:url\" content=\"https:\/\/www.lesventsfavorables.com\/index.php\/politique-de-confidentialite\/\" \/>\n<meta property=\"article:modified_time\" content=\"2026-03-12T16:43:58+00:00\" \/>\n<meta name=\"twitter:card\" content=\"summary_large_image\" \/>\n<meta name=\"twitter:label1\" content=\"Dur\u00e9e de lecture estim\u00e9e\" \/>\n\t<meta name=\"twitter:data1\" content=\"2 minutes\" \/>\n<script type=\"application\/ld+json\" class=\"yoast-schema-graph\">{\"@context\":\"https:\\\/\\\/schema.org\",\"@graph\":[{\"@type\":\"WebPage\",\"@id\":\"https:\\\/\\\/www.lesventsfavorables.com\\\/index.php\\\/politique-de-confidentialite\\\/\",\"url\":\"https:\\\/\\\/www.lesventsfavorables.com\\\/index.php\\\/politique-de-confidentialite\\\/\",\"name\":\"Politique de confidentialit\u00e9 -\",\"isPartOf\":{\"@id\":\"https:\\\/\\\/www.lesventsfavorables.com\\\/#website\"},\"datePublished\":\"2026-02-27T17:34:31+00:00\",\"dateModified\":\"2026-03-12T16:43:58+00:00\",\"breadcrumb\":{\"@id\":\"https:\\\/\\\/www.lesventsfavorables.com\\\/index.php\\\/politique-de-confidentialite\\\/#breadcrumb\"},\"inLanguage\":\"fr-FR\",\"potentialAction\":[{\"@type\":\"ReadAction\",\"target\":[\"https:\\\/\\\/www.lesventsfavorables.com\\\/index.php\\\/politique-de-confidentialite\\\/\"]}]},{\"@type\":\"BreadcrumbList\",\"@id\":\"https:\\\/\\\/www.lesventsfavorables.com\\\/index.php\\\/politique-de-confidentialite\\\/#breadcrumb\",\"itemListElement\":[{\"@type\":\"ListItem\",\"position\":1,\"name\":\"Accueil\",\"item\":\"https:\\\/\\\/www.lesventsfavorables.com\\\/\"},{\"@type\":\"ListItem\",\"position\":2,\"name\":\"Politique de confidentialit\u00e9\"}]},{\"@type\":\"WebSite\",\"@id\":\"https:\\\/\\\/www.lesventsfavorables.com\\\/#website\",\"url\":\"https:\\\/\\\/www.lesventsfavorables.com\\\/\",\"name\":\"\",\"description\":\"\",\"potentialAction\":[{\"@type\":\"SearchAction\",\"target\":{\"@type\":\"EntryPoint\",\"urlTemplate\":\"https:\\\/\\\/www.lesventsfavorables.com\\\/?s={search_term_string}\"},\"query-input\":{\"@type\":\"PropertyValueSpecification\",\"valueRequired\":true,\"valueName\":\"search_term_string\"}}],\"inLanguage\":\"fr-FR\"}]}<\/script>\n<!-- \/ Yoast SEO plugin. -->","yoast_head_json":{"title":"Politique de confidentialit\u00e9 -","robots":{"index":"index","follow":"follow","max-snippet":"max-snippet:-1","max-image-preview":"max-image-preview:large","max-video-preview":"max-video-preview:-1"},"canonical":"https:\/\/www.lesventsfavorables.com\/index.php\/politique-de-confidentialite\/","og_locale":"fr_FR","og_type":"article","og_title":"Politique de confidentialit\u00e9 -","og_description":"Politique de confidentialit\u00e9 1. Collecte des donn\u00e9es Les informations collect\u00e9es via les formulaires (adresse e-mail, pr\u00e9nom, nom, num\u00e9ro de t\u00e9l\u00e9phone selon le formulaire) sont utilis\u00e9es uniquement pour :\u2022 l\u2019envoi des billets du jeudi,\u2022 l\u2019envoi des actualit\u00e9s et informations sur Les vents favorables,\u2022 r\u00e9pondre aux messages envoy\u00e9s via le formulaire de contact. 2. Base l\u00e9gale \/ [&hellip;]","og_url":"https:\/\/www.lesventsfavorables.com\/index.php\/politique-de-confidentialite\/","article_modified_time":"2026-03-12T16:43:58+00:00","twitter_card":"summary_large_image","twitter_misc":{"Dur\u00e9e de lecture estim\u00e9e":"2 minutes"},"schema":{"@context":"https:\/\/schema.org","@graph":[{"@type":"WebPage","@id":"https:\/\/www.lesventsfavorables.com\/index.php\/politique-de-confidentialite\/","url":"https:\/\/www.lesventsfavorables.com\/index.php\/politique-de-confidentialite\/","name":"Politique de confidentialit\u00e9 -","isPartOf":{"@id":"https:\/\/www.lesventsfavorables.com\/#website"},"datePublished":"2026-02-27T17:34:31+00:00","dateModified":"2026-03-12T16:43:58+00:00","breadcrumb":{"@id":"https:\/\/www.lesventsfavorables.com\/index.php\/politique-de-confidentialite\/#breadcrumb"},"inLanguage":"fr-FR","potentialAction":[{"@type":"ReadAction","target":["https:\/\/www.lesventsfavorables.com\/index.php\/politique-de-confidentialite\/"]}]},{"@type":"BreadcrumbList","@id":"https:\/\/www.lesventsfavorables.com\/index.php\/politique-de-confidentialite\/#breadcrumb","itemListElement":[{"@type":"ListItem","position":1,"name":"Accueil","item":"https:\/\/www.lesventsfavorables.com\/"},{"@type":"ListItem","position":2,"name":"Politique de confidentialit\u00e9"}]},{"@type":"WebSite","@id":"https:\/\/www.lesventsfavorables.com\/#website","url":"https:\/\/www.lesventsfavorables.com\/","name":"","description":"","potentialAction":[{"@type":"SearchAction","target":{"@type":"EntryPoint","urlTemplate":"https:\/\/www.lesventsfavorables.com\/?s={search_term_string}"},"query-input":{"@type":"PropertyValueSpecification","valueRequired":true,"valueName":"search_term_string"}}],"inLanguage":"fr-FR"}]}},"_links":{"self":[{"href":"https:\/\/www.lesventsfavorables.com\/index.php\/wp-json\/wp\/v2\/pages\/411","targetHints":{"allow":["GET"]}}],"collection":[{"href":"https:\/\/www.lesventsfavorables.com\/index.php\/wp-json\/wp\/v2\/pages"}],"about":[{"href":"https:\/\/www.lesventsfavorables.com\/index.php\/wp-json\/wp\/v2\/types\/page"}],"author":[{"embeddable":true,"href":"https:\/\/www.lesventsfavorables.com\/index.php\/wp-json\/wp\/v2\/users\/1"}],"replies":[{"embeddable":true,"href":"https:\/\/www.lesventsfavorables.com\/index.php\/wp-json\/wp\/v2\/comments?post=411"}],"version-history":[{"count":28,"href":"https:\/\/www.lesventsfavorables.com\/index.php\/wp-json\/wp\/v2\/pages\/411\/revisions"}],"predecessor-version":[{"id":2383,"href":"https:\/\/www.lesventsfavorables.com\/index.php\/wp-json\/wp\/v2\/pages\/411\/revisions\/2383"}],"wp:attachment":[{"href":"https:\/\/www.lesventsfavorables.com\/index.php\/wp-json\/wp\/v2\/media?parent=411"}],"curies":[{"name":"wp","href":"https:\/\/api.w.org\/{rel}","templated":true}]}}